{"id":22,"date":"2022-02-28T12:02:28","date_gmt":"2022-02-28T11:02:28","guid":{"rendered":"https:\/\/choosypapers.com\/?page_id=22"},"modified":"2022-06-01T09:42:07","modified_gmt":"2022-06-01T07:42:07","slug":"impressum","status":"publish","type":"page","link":"https:\/\/choosypapers.com\/en\/impressum\/","title":{"rendered":"Imprint"},"content":{"rendered":"<div data-elementor-type=\"wp-page\" data-elementor-id=\"22\" class=\"elementor elementor-22\">\n\t\t\t\t\t\t<section class=\"elementor-section elementor-top-section elementor-element elementor-element-49217af elementor-section-boxed elementor-section-height-default elementor-section-height-default\" data-id=\"49217af\" data-element_type=\"section\" data-e-type=\"section\">\n\t\t\t\t\t\t<div class=\"elementor-container elementor-column-gap-default\">\n\t\t\t\t\t<div class=\"elementor-column elementor-col-100 elementor-top-column elementor-element elementor-element-a338a90\" data-id=\"a338a90\" data-element_type=\"column\" data-e-type=\"column\">\n\t\t\t<div class=\"elementor-widget-wrap elementor-element-populated\">\n\t\t\t\t\t\t<div class=\"elementor-element elementor-element-9315eb6 elementor-widget elementor-widget-spacer\" data-id=\"9315eb6\" data-element_type=\"widget\" data-e-type=\"widget\" data-widget_type=\"spacer.default\">\n\t\t\t\t<div class=\"elementor-widget-container\">\n\t\t\t\t\t\t\t<div class=\"elementor-spacer\">\n\t\t\t<div class=\"elementor-spacer-inner\"><\/div>\n\t\t<\/div>\n\t\t\t\t\t\t<\/div>\n\t\t\t\t<\/div>\n\t\t\t\t\t<\/div>\n\t\t<\/div>\n\t\t\t\t\t<\/div>\n\t\t<\/section>\n\t\t\t\t<section class=\"elementor-section elementor-top-section elementor-element elementor-element-99179ec elementor-section-boxed elementor-section-height-default elementor-section-height-default\" data-id=\"99179ec\" data-element_type=\"section\" data-e-type=\"section\">\n\t\t\t\t\t\t<div class=\"elementor-container elementor-column-gap-default\">\n\t\t\t\t\t<div class=\"elementor-column elementor-col-100 elementor-top-column elementor-element elementor-element-d7e0e59\" data-id=\"d7e0e59\" data-element_type=\"column\" data-e-type=\"column\">\n\t\t\t<div class=\"elementor-widget-wrap elementor-element-populated\">\n\t\t\t\t\t\t<div class=\"elementor-element elementor-element-2a6448b elementor-widget elementor-widget-heading\" data-id=\"2a6448b\" data-element_type=\"widget\" data-e-type=\"widget\" data-widget_type=\"heading.default\">\n\t\t\t\t<div class=\"elementor-widget-container\">\n\t\t\t\t\t<h2 class=\"elementor-heading-title elementor-size-default\">IMPRESSUM<\/h2>\t\t\t\t<\/div>\n\t\t\t\t<\/div>\n\t\t\t\t\t<\/div>\n\t\t<\/div>\n\t\t\t\t\t<\/div>\n\t\t<\/section>\n\t\t\t\t<section class=\"elementor-section elementor-top-section elementor-element elementor-element-becfbb6 elementor-section-boxed elementor-section-height-default elementor-section-height-default\" data-id=\"becfbb6\" data-element_type=\"section\" data-e-type=\"section\">\n\t\t\t\t\t\t<div class=\"elementor-container elementor-column-gap-default\">\n\t\t\t\t\t<div class=\"elementor-column elementor-col-100 elementor-top-column elementor-element elementor-element-24cf584\" data-id=\"24cf584\" data-element_type=\"column\" data-e-type=\"column\">\n\t\t\t<div class=\"elementor-widget-wrap elementor-element-populated\">\n\t\t\t\t\t\t<div class=\"elementor-element elementor-element-3c9ea39 elementor-widget elementor-widget-heading\" data-id=\"3c9ea39\" data-element_type=\"widget\" data-e-type=\"widget\" data-widget_type=\"heading.default\">\n\t\t\t\t<div class=\"elementor-widget-container\">\n\t\t\t\t\t<h2 class=\"elementor-heading-title elementor-size-default\"><div><section><div><div><div><div><h2><\/h2><h2>Anbieterkennzeichnung nach Telemediengesetz (\u00a75 TMG) www.choosypapers.com ist die Onlinepr\u00e4senz von:<\/h2><\/div><\/div><\/div><\/div><\/section><\/div><\/h2>\t\t\t\t<\/div>\n\t\t\t\t<\/div>\n\t\t\t\t\t<\/div>\n\t\t<\/div>\n\t\t\t\t\t<\/div>\n\t\t<\/section>\n\t\t\t\t<section class=\"elementor-section elementor-top-section elementor-element elementor-element-f391681 elementor-section-boxed elementor-section-height-default elementor-section-height-default\" data-id=\"f391681\" data-element_type=\"section\" data-e-type=\"section\">\n\t\t\t\t\t\t<div class=\"elementor-container elementor-column-gap-default\">\n\t\t\t\t\t<div class=\"elementor-column elementor-col-100 elementor-top-column elementor-element elementor-element-82f537d\" data-id=\"82f537d\" data-element_type=\"column\" data-e-type=\"column\">\n\t\t\t<div class=\"elementor-widget-wrap elementor-element-populated\">\n\t\t\t\t\t\t<div class=\"elementor-element elementor-element-029fe92 elementor-widget elementor-widget-text-editor\" data-id=\"029fe92\" data-element_type=\"widget\" data-e-type=\"widget\" data-widget_type=\"text-editor.default\">\n\t\t\t\t<div class=\"elementor-widget-container\">\n\t\t\t\t\t\t\t\t\t<p style=\"font-size: 13px; font-weight: normal;\"><strong>FRANKI GmbH<\/strong><\/p>\n<p style=\"font-size: 13px; font-weight: normal;\"><strong>Gesellschafter(in):<\/strong> Franco Braca, Kim S\u00fchrer<br><strong>Adresse:<\/strong>&nbsp;Bahnstr. 76, 47929 Grefrath<\/p>\n<p style=\"font-size: 13px; font-weight: normal;\"><strong>Telefon:<\/strong>&nbsp;0 21 58\/40 14 222 (Ortstarif, Mo.-Fr. erreichbar von 9.00 \u2013 17.00 Uhr)<br><strong>Telefax:<\/strong>&nbsp;0 21 58\/40 14 223<br><strong>Email:<\/strong> info@choosypapers.com<br><strong>Internet:<\/strong>&nbsp;www.choosypapers.com<\/p>\n<p><b>Registergericht:<\/b> Krefeld<br> <b>Registernummer<\/b>: HRB 19087<br> <b>Vertretungsberechtigte Gesch\u00e4ftsf\u00fchrer:<\/b> Franco Braca, Kim S\u00fchrer<br> <b>Umsatzsteuer-Identifikationsnummer<\/b> nach \u00a7 27a UStG: DE352302550<\/p>\n<p style=\"font-size: 13px; font-weight: normal;\"><strong><\/strong><\/p><strong>Inhaltlich verantwortlich<\/strong> gem\u00e4\u00df \u00a710 Absatz 3 MDStV: Franco Braca (Anschrift wie oben)\n<p style=\"font-size: 13px; font-weight: normal;\"><strong>Rechtliche Hinweise zur Internetseite<\/strong><br>Alle Texte, Bilder und weiter hier ver\u00f6ffentlichten Informationen<br>unterliegen dem Urheberrecht des Anbieters, soweit nicht Urheberrechte<br>Dritter bestehen. In jedem Fall ist eine Vervielf\u00e4ltigung, Verbreitung<br>oder \u00f6ffentliche Wiedergabe ausschlie\u00dflich im Falle einer widerruflichen<br>und nicht \u00fcbertragbaren Zustimmung des Anbieters gestattet.<br>Aufgef\u00fchrte Warenzeichen und Markennamen sind Eigentum ihrer jeweiligen Inhaber.<\/p>\n<p style=\"font-size: 13px; font-weight: normal;\"><strong>Haftungsausschluss<\/strong><br>Der Autor erkl\u00e4rt hiermit ausdr\u00fccklich, dass zum Zeitpunkt<br>der Linksetzung die entsprechenden verlinkten Seiten frei von illegalen<br>Inhalten waren. Der Autor erkl\u00e4rt weiterhin, dass er keinerlei Einfluss<br>auf die aktuelle und zuk\u00fcnftige Gestaltung und auf die Inhalte der<br>gelinkten\/verkn\u00fcpften Seiten hat. Eine l\u00fcckenlose inhaltliche Kontrolle<br>der verlinkten Seiten ist jedoch ohne konkrete Anhaltspunkte einer<br>Rechtsverletzung nicht zumutbar. Bei Bekanntwerden von<br>Rechtsverletzungen werden derartige Links umgehend entfernt. Dies gilt<br>f\u00fcr alle innerhalb des eigenen Internetangebotes gesetzten Links und<br>Verweise sowie f\u00fcr Fremdeintr\u00e4ge in vom Autor eingerichteten<br>G\u00e4steb\u00fcchern, Chats, Diskussionsforen und Mailinglisten. F\u00fcr illegale,<br>fehlerhafte oder unvollst\u00e4ndige Inhalte und insbesondere f\u00fcr Sch\u00e4den,<br>die aus der Nutzung oder Nichtnutzung solcherart dargebotener<br>Informationen entstehen, haftet der Anbieter\/Autor der Inhalte, auf<br>welche verwiesen wurde.<\/p>\n<p style=\"font-size: 13px; font-weight: normal;\"><span><strong>Alternative Streitbeilegung:<\/strong><br>Die Europ\u00e4ische Kommission stellt eine Plattform f\u00fcr die<br>au\u00dfergerichtliche Online-Streitbeilegung (OS-Plattform) bereit,<br>aufrufbar unter&nbsp;<\/span><a href=\"https:\/\/ec.europa.eu\/consumers\/odr\" style=\"font-size: 14px;\" target=\"_blank\">https:\/\/ec.europa.eu\/odr<\/a><span>.<\/span><br><span>Wir sind bereit, an Streitbeilegungsverfahren vor Verbraucherschlichtungsstellen teilzunehmen. <\/span><\/p>\n<p style=\"font-size: 13px; font-weight: normal;\">Copyright \u00a9 2022<br>Choosyoaoers. Alle Rechte vorbehalten. Inhalte d\u00fcrfen nicht ohne<br>ausdr\u00fcckliche schriftliche Genehmigung, auch auszugsweise, kopiert,<br>verlinkt oder vervielf\u00e4ltigt werden.<\/p>\n<p style=\"font-size: 13px; font-weight: normal;\">copyright by choosypapers \u00ae, all rights reserved.&nbsp;&nbsp; No content may be copied without permission.<\/p>\t\t\t\t\t\t\t\t<\/div>\n\t\t\t\t<\/div>\n\t\t\t\t\t<\/div>\n\t\t<\/div>\n\t\t\t\t\t<\/div>\n\t\t<\/section>\n\t\t\t\t<\/div>","protected":false},"excerpt":{"rendered":"<p>IMPRESSUM Anbieterkennzeichnung nach Telemediengesetz (\u00a75 TMG) www.choosypapers.com ist die Onlinepr\u00e4senz von: FRANKI GmbH Gesellschafter(in): Franco Braca, Kim S\u00fchrerAdresse:&nbsp;Bahnstr. 76, 47929 Grefrath Telefon:&nbsp;0 21 58\/40 14 222 (Ortstarif, Mo.-Fr. erreichbar von 9.00 \u2013 17.00 Uhr)Telefax:&nbsp;0 21 58\/40 14 223Email: info@choosypapers.comInternet:&nbsp;www.choosypapers.com Registergericht: Krefeld Registernummer: HRB 19087 Vertretungsberechtigte Gesch\u00e4ftsf\u00fchrer: Franco Braca, Kim S\u00fchrer Umsatzsteuer-Identifikationsnummer nach \u00a7 27a UStG: [&hellip;]<\/p>","protected":false},"author":2,"featured_media":0,"parent":0,"menu_order":0,"comment_status":"closed","ping_status":"closed","template":"","meta":{"footnotes":""},"class_list":["post-22","page","type-page","status-publish","hentry","entry"],"yoast_head":"<!-- This site is optimized with the Yoast SEO plugin v21.9.1 - https:\/\/yoast.com\/wordpress\/plugins\/seo\/ -->\n<title>Impressum - choosypapers.com - Smoke &#039;em all<\/title>\n<meta name=\"robots\" content=\"index, follow, max-snippet:-1, max-image-preview:large, max-video-preview:-1\" \/>\n<link rel=\"canonical\" href=\"https:\/\/choosypapers.com\/en\/impressum\/\" \/>\n<meta property=\"og:locale\" content=\"en_GB\" \/>\n<meta property=\"og:type\" content=\"article\" \/>\n<meta property=\"og:title\" content=\"Impressum - choosypapers.com - Smoke &#039;em all\" \/>\n<meta property=\"og:description\" content=\"IMPRESSUM Anbieterkennzeichnung nach Telemediengesetz (\u00a75 TMG) www.choosypapers.com ist die Onlinepr\u00e4senz von: FRANKI GmbH Gesellschafter(in): Franco Braca, Kim S\u00fchrerAdresse:&nbsp;Bahnstr. 76, 47929 Grefrath Telefon:&nbsp;0 21 58\/40 14 222 (Ortstarif, Mo.-Fr. erreichbar von 9.00 \u2013 17.00 Uhr)Telefax:&nbsp;0 21 58\/40 14 223Email: info@choosypapers.comInternet:&nbsp;www.choosypapers.com Registergericht: Krefeld Registernummer: HRB 19087 Vertretungsberechtigte Gesch\u00e4ftsf\u00fchrer: Franco Braca, Kim S\u00fchrer Umsatzsteuer-Identifikationsnummer nach \u00a7 27a UStG: [&hellip;]\" \/>\n<meta property=\"og:url\" content=\"https:\/\/choosypapers.com\/en\/impressum\/\" \/>\n<meta property=\"og:site_name\" content=\"choosypapers.com - Smoke &#039;em all\" \/>\n<meta property=\"article:modified_time\" content=\"2022-06-01T07:42:07+00:00\" \/>\n<meta name=\"twitter:card\" content=\"summary_large_image\" \/>\n<meta name=\"twitter:label1\" content=\"Estimated reading time\" \/>\n\t<meta name=\"twitter:data1\" content=\"2 minutes\" \/>\n<script type=\"application\/ld+json\" class=\"yoast-schema-graph\">{\"@context\":\"https:\/\/schema.org\",\"@graph\":[{\"@type\":\"WebPage\",\"@id\":\"https:\/\/choosypapers.com\/impressum\/\",\"url\":\"https:\/\/choosypapers.com\/impressum\/\",\"name\":\"Impressum - choosypapers.com - Smoke &#039;em all\",\"isPartOf\":{\"@id\":\"https:\/\/choosypapers.com\/#website\"},\"datePublished\":\"2022-02-28T11:02:28+00:00\",\"dateModified\":\"2022-06-01T07:42:07+00:00\",\"breadcrumb\":{\"@id\":\"https:\/\/choosypapers.com\/impressum\/#breadcrumb\"},\"inLanguage\":\"en-GB\",\"potentialAction\":[{\"@type\":\"ReadAction\",\"target\":[\"https:\/\/choosypapers.com\/impressum\/\"]}]},{\"@type\":\"BreadcrumbList\",\"@id\":\"https:\/\/choosypapers.com\/impressum\/#breadcrumb\",\"itemListElement\":[{\"@type\":\"ListItem\",\"position\":1,\"name\":\"Startseite\",\"item\":\"https:\/\/choosypapers.com\/\"},{\"@type\":\"ListItem\",\"position\":2,\"name\":\"Impressum\"}]},{\"@type\":\"WebSite\",\"@id\":\"https:\/\/choosypapers.com\/#website\",\"url\":\"https:\/\/choosypapers.com\/\",\"name\":\"choosypapers.com - Smoke &#039;em all\",\"description\":\"Papers f\u00fcr jeden Anlass - King Size Slim Papers &amp; Cones\",\"publisher\":{\"@id\":\"https:\/\/choosypapers.com\/#organization\"},\"potentialAction\":[{\"@type\":\"SearchAction\",\"target\":{\"@type\":\"EntryPoint\",\"urlTemplate\":\"https:\/\/choosypapers.com\/?s={search_term_string}\"},\"query-input\":\"required name=search_term_string\"}],\"inLanguage\":\"en-GB\"},{\"@type\":\"Organization\",\"@id\":\"https:\/\/choosypapers.com\/#organization\",\"name\":\"choosypapers.com - Smoke &#039;em all\",\"url\":\"https:\/\/choosypapers.com\/\",\"logo\":{\"@type\":\"ImageObject\",\"inLanguage\":\"en-GB\",\"@id\":\"https:\/\/choosypapers.com\/#\/schema\/logo\/image\/\",\"url\":\"https:\/\/choosypapers.com\/wp-content\/uploads\/2022\/02\/logo_choosypapers_orange.jpg\",\"contentUrl\":\"https:\/\/choosypapers.com\/wp-content\/uploads\/2022\/02\/logo_choosypapers_orange.jpg\",\"width\":399,\"height\":107,\"caption\":\"choosypapers.com - Smoke &#039;em all\"},\"image\":{\"@id\":\"https:\/\/choosypapers.com\/#\/schema\/logo\/image\/\"}}]}<\/script>\n<!-- \/ Yoast SEO plugin. -->","yoast_head_json":{"title":"Impressum - choosypapers.com - Smoke &#039;em all","robots":{"index":"index","follow":"follow","max-snippet":"max-snippet:-1","max-image-preview":"max-image-preview:large","max-video-preview":"max-video-preview:-1"},"canonical":"https:\/\/choosypapers.com\/en\/impressum\/","og_locale":"en_GB","og_type":"article","og_title":"Impressum - choosypapers.com - Smoke &#039;em all","og_description":"IMPRESSUM Anbieterkennzeichnung nach Telemediengesetz (\u00a75 TMG) www.choosypapers.com ist die Onlinepr\u00e4senz von: FRANKI GmbH Gesellschafter(in): Franco Braca, Kim S\u00fchrerAdresse:&nbsp;Bahnstr. 76, 47929 Grefrath Telefon:&nbsp;0 21 58\/40 14 222 (Ortstarif, Mo.-Fr. erreichbar von 9.00 \u2013 17.00 Uhr)Telefax:&nbsp;0 21 58\/40 14 223Email: info@choosypapers.comInternet:&nbsp;www.choosypapers.com Registergericht: Krefeld Registernummer: HRB 19087 Vertretungsberechtigte Gesch\u00e4ftsf\u00fchrer: Franco Braca, Kim S\u00fchrer Umsatzsteuer-Identifikationsnummer nach \u00a7 27a UStG: [&hellip;]","og_url":"https:\/\/choosypapers.com\/en\/impressum\/","og_site_name":"choosypapers.com - Smoke &#039;em all","article_modified_time":"2022-06-01T07:42:07+00:00","twitter_card":"summary_large_image","twitter_misc":{"Estimated reading time":"2 minutes"},"schema":{"@context":"https:\/\/schema.org","@graph":[{"@type":"WebPage","@id":"https:\/\/choosypapers.com\/impressum\/","url":"https:\/\/choosypapers.com\/impressum\/","name":"Impressum - choosypapers.com - Smoke &#039;em all","isPartOf":{"@id":"https:\/\/choosypapers.com\/#website"},"datePublished":"2022-02-28T11:02:28+00:00","dateModified":"2022-06-01T07:42:07+00:00","breadcrumb":{"@id":"https:\/\/choosypapers.com\/impressum\/#breadcrumb"},"inLanguage":"en-GB","potentialAction":[{"@type":"ReadAction","target":["https:\/\/choosypapers.com\/impressum\/"]}]},{"@type":"BreadcrumbList","@id":"https:\/\/choosypapers.com\/impressum\/#breadcrumb","itemListElement":[{"@type":"ListItem","position":1,"name":"Startseite","item":"https:\/\/choosypapers.com\/"},{"@type":"ListItem","position":2,"name":"Impressum"}]},{"@type":"WebSite","@id":"https:\/\/choosypapers.com\/#website","url":"https:\/\/choosypapers.com\/","name":"choosypapers.com - Smoke &#039;em all","description":"Papers f\u00fcr jeden Anlass - King Size Slim Papers &amp; Cones","publisher":{"@id":"https:\/\/choosypapers.com\/#organization"},"potentialAction":[{"@type":"SearchAction","target":{"@type":"EntryPoint","urlTemplate":"https:\/\/choosypapers.com\/?s={search_term_string}"},"query-input":"required name=search_term_string"}],"inLanguage":"en-GB"},{"@type":"Organization","@id":"https:\/\/choosypapers.com\/#organization","name":"choosypapers.com - Smoke &#039;em all","url":"https:\/\/choosypapers.com\/","logo":{"@type":"ImageObject","inLanguage":"en-GB","@id":"https:\/\/choosypapers.com\/#\/schema\/logo\/image\/","url":"https:\/\/choosypapers.com\/wp-content\/uploads\/2022\/02\/logo_choosypapers_orange.jpg","contentUrl":"https:\/\/choosypapers.com\/wp-content\/uploads\/2022\/02\/logo_choosypapers_orange.jpg","width":399,"height":107,"caption":"choosypapers.com - Smoke &#039;em all"},"image":{"@id":"https:\/\/choosypapers.com\/#\/schema\/logo\/image\/"}}]}},"_links":{"self":[{"href":"https:\/\/choosypapers.com\/en\/wp-json\/wp\/v2\/pages\/22","targetHints":{"allow":["GET"]}}],"collection":[{"href":"https:\/\/choosypapers.com\/en\/wp-json\/wp\/v2\/pages"}],"about":[{"href":"https:\/\/choosypapers.com\/en\/wp-json\/wp\/v2\/types\/page"}],"author":[{"embeddable":true,"href":"https:\/\/choosypapers.com\/en\/wp-json\/wp\/v2\/users\/2"}],"replies":[{"embeddable":true,"href":"https:\/\/choosypapers.com\/en\/wp-json\/wp\/v2\/comments?post=22"}],"version-history":[{"count":10,"href":"https:\/\/choosypapers.com\/en\/wp-json\/wp\/v2\/pages\/22\/revisions"}],"predecessor-version":[{"id":600,"href":"https:\/\/choosypapers.com\/en\/wp-json\/wp\/v2\/pages\/22\/revisions\/600"}],"wp:attachment":[{"href":"https:\/\/choosypapers.com\/en\/wp-json\/wp\/v2\/media?parent=22"}],"curies":[{"name":"wp","href":"https:\/\/api.w.org\/{rel}","templated":true}]}}